{"id":577,"date":"2023-03-10T14:17:56","date_gmt":"2023-03-10T13:17:56","guid":{"rendered":"https:\/\/brugel-test-cms-draft.comaseinfo-support.be\/home\/"},"modified":"2023-06-20T14:43:56","modified_gmt":"2023-06-20T12:43:56","slug":"accueil","status":"publish","type":"page","link":"https:\/\/brugel-test-cms-draft.comaseinfo-support.be\/en\/","title":{"rendered":"Accueil"},"content":{"rendered":"\t\t<div data-elementor-type=\"wp-page\" data-elementor-id=\"577\" class=\"elementor elementor-577 elementor-557\" data-elementor-post-type=\"page\">\n\t\t\t\t\t\t\t\t\t<section class=\"elementor-section elementor-top-section elementor-element elementor-element-623909b7 elementor-section-height-min-height elementor-section-items-stretch elementor-section-content-middle elementor-section-boxed elementor-section-height-default\" data-id=\"623909b7\" data-element_type=\"section\" data-settings=\"{&quot;background_background&quot;:&quot;classic&quot;}\">\n\t\t\t\t\t\t<div class=\"elementor-container elementor-column-gap-no\">\n\t\t\t\t\t<div class=\"elementor-column elementor-col-100 elementor-top-column elementor-element elementor-element-55ae3522\" data-id=\"55ae3522\" data-element_type=\"column\">\n\t\t\t<div class=\"elementor-widget-wrap elementor-element-populated\">\n\t\t\t\t\t\t\t\t<div class=\"elementor-element elementor-element-78250cf1 elementor-widget elementor-widget-heading\" data-id=\"78250cf1\" data-element_type=\"widget\" data-widget_type=\"heading.default\">\n\t\t\t\t<div class=\"elementor-widget-container\">\n\t\t\t<style>\/*! elementor - v3.14.0 - 18-06-2023 *\/\n.elementor-heading-title{padding:0;margin:0;line-height:1}.elementor-widget-heading .elementor-heading-title[class*=elementor-size-]>a{color:inherit;font-size:inherit;line-height:inherit}.elementor-widget-heading .elementor-heading-title.elementor-size-small{font-size:15px}.elementor-widget-heading .elementor-heading-title.elementor-size-medium{font-size:19px}.elementor-widget-heading .elementor-heading-title.elementor-size-large{font-size:29px}.elementor-widget-heading .elementor-heading-title.elementor-size-xl{font-size:39px}.elementor-widget-heading .elementor-heading-title.elementor-size-xxl{font-size:59px}<\/style><h1 class=\"elementor-heading-title elementor-size-default\">Comparateur des offres de fournisseurs EN<\/h1>\t\t<\/div>\n\t\t\t\t<\/div>\n\t\t\t\t<div class=\"elementor-element elementor-element-20e0b882 elementor-widget elementor-widget-heading\" data-id=\"20e0b882\" data-element_type=\"widget\" data-widget_type=\"heading.default\">\n\t\t\t\t<div class=\"elementor-widget-container\">\n\t\t\t<h5 class=\"elementor-heading-title elementor-size-default\">Comparez l'ensemble des offres propos\u00e9es par les fournisseurs d'\u00e9lectricit\u00e9 et de gaz en R\u00e9gion Wallonne.<\/h5>\t\t<\/div>\n\t\t\t\t<\/div>\n\t\t\t\t<div class=\"elementor-element elementor-element-5b07405 elementor-widget elementor-widget-shortcode\" data-id=\"5b07405\" data-element_type=\"widget\" data-widget_type=\"shortcode.default\">\n\t\t\t\t<div class=\"elementor-widget-container\">\n\t\t\t\t\t<div class=\"elementor-shortcode\"><div style=\"position: relative; overflow: hidden; width: 100%; padding-top: 57.25%; min-height: 500px\" class=\"container\">\r\n                <iframe class=\"responsive-iframe\"  style=\"position: absolute; top: 0;left: 0;bottom: 0;right: 0;width: 100%;height: 100%;\" width=\"100%\" src=\"https:\/\/brugel-test.comaseinfo-support.be\/en-US\/?theme=light\"><\/iframe>\r\n            <\/div><\/div>\n\t\t\t\t<\/div>\n\t\t\t\t<\/div>\n\t\t\t\t\t<\/div>\n\t\t<\/div>\n\t\t\t\t\t\t\t<\/div>\n\t\t<\/section>\n\t\t\t\t\t\t\t<\/div>\n\t\t","protected":false},"excerpt":{"rendered":"<p>Comparateur des offres de fournisseurs EN Comparez l&#8217;ensemble des offres propos\u00e9es par les fournisseurs d&#8217;\u00e9lectricit\u00e9 et de gaz en R\u00e9gion Wallonne.<\/p>\n","protected":false},"author":1,"featured_media":0,"parent":0,"menu_order":0,"comment_status":"closed","ping_status":"closed","template":"elementor_header_footer","meta":{"inline_featured_image":false,"footnotes":""},"class_list":["post-577","page","type-page","status-publish","hentry"],"yoast_head":"<!-- This site is optimized with the Yoast SEO plugin v20.9 - https:\/\/yoast.com\/wordpress\/plugins\/seo\/ -->\n<title>Accueil - BruSim<\/title>\n<meta name=\"robots\" content=\"noindex, follow, max-snippet:-1, max-image-preview:large, max-video-preview:-1\" \/>\n<meta property=\"og:locale\" content=\"en_US\" \/>\n<meta property=\"og:type\" content=\"article\" \/>\n<meta property=\"og:title\" content=\"Accueil - BruSim\" \/>\n<meta property=\"og:description\" content=\"Comparateur des offres de fournisseurs EN Comparez l&#8217;ensemble des offres propos\u00e9es par les fournisseurs d&#8217;\u00e9lectricit\u00e9 et de gaz en R\u00e9gion Wallonne.\" \/>\n<meta property=\"og:url\" content=\"https:\/\/brugel-test-cms-draft.comaseinfo-support.be\/en\/\" \/>\n<meta property=\"og:site_name\" content=\"BruSim\" \/>\n<meta property=\"article:modified_time\" content=\"2023-06-20T12:43:56+00:00\" \/>\n<meta name=\"twitter:card\" content=\"summary_large_image\" \/>\n<meta name=\"twitter:label1\" content=\"Est. reading time\" \/>\n\t<meta name=\"twitter:data1\" content=\"1 minute\" \/>\n<script type=\"application\/ld+json\" class=\"yoast-schema-graph\">{\"@context\":\"https:\/\/schema.org\",\"@graph\":[{\"@type\":\"WebPage\",\"@id\":\"https:\/\/brugel-test-cms-draft.comaseinfo-support.be\/en\/\",\"url\":\"https:\/\/brugel-test-cms-draft.comaseinfo-support.be\/en\/\",\"name\":\"Accueil - BruSim\",\"isPartOf\":{\"@id\":\"https:\/\/brugel-test-cms-draft.comaseinfo-support.be\/en\/#website\"},\"datePublished\":\"2023-03-10T13:17:56+00:00\",\"dateModified\":\"2023-06-20T12:43:56+00:00\",\"breadcrumb\":{\"@id\":\"https:\/\/brugel-test-cms-draft.comaseinfo-support.be\/en\/#breadcrumb\"},\"inLanguage\":\"en-US\",\"potentialAction\":[{\"@type\":\"ReadAction\",\"target\":[\"https:\/\/brugel-test-cms-draft.comaseinfo-support.be\/en\/\"]}]},{\"@type\":\"BreadcrumbList\",\"@id\":\"https:\/\/brugel-test-cms-draft.comaseinfo-support.be\/en\/#breadcrumb\",\"itemListElement\":[{\"@type\":\"ListItem\",\"position\":1,\"name\":\"Accueil\",\"item\":\"https:\/\/brugel-test-cms-draft.comaseinfo-support.be\/en\/\"},{\"@type\":\"ListItem\",\"position\":2,\"name\":\"Accueil\"}]},{\"@type\":\"WebSite\",\"@id\":\"https:\/\/brugel-test-cms-draft.comaseinfo-support.be\/en\/#website\",\"url\":\"https:\/\/brugel-test-cms-draft.comaseinfo-support.be\/en\/\",\"name\":\"BruSim\",\"description\":\"Ce simulateur vous permet de comparer l&#039;ensemble des offres propos\u00e9es par les fournisseurs d&#039;\u00e9lectricit\u00e9 et de gaz en R\u00e9gion de Bruxelles-Capitale.\",\"publisher\":{\"@id\":\"https:\/\/brugel-test-cms-draft.comaseinfo-support.be\/en\/#organization\"},\"potentialAction\":[{\"@type\":\"SearchAction\",\"target\":{\"@type\":\"EntryPoint\",\"urlTemplate\":\"https:\/\/brugel-test-cms-draft.comaseinfo-support.be\/en\/?s={search_term_string}\"},\"query-input\":\"required name=search_term_string\"}],\"inLanguage\":\"en-US\"},{\"@type\":\"Organization\",\"@id\":\"https:\/\/brugel-test-cms-draft.comaseinfo-support.be\/en\/#organization\",\"name\":\"BruSim\",\"url\":\"https:\/\/brugel-test-cms-draft.comaseinfo-support.be\/en\/\",\"logo\":{\"@type\":\"ImageObject\",\"inLanguage\":\"en-US\",\"@id\":\"https:\/\/brugel-test-cms-draft.comaseinfo-support.be\/en\/#\/schema\/logo\/image\/\",\"url\":\"https:\/\/brugel-test-cms-draft.comaseinfo-support.be\/wp-content\/uploads\/2023\/02\/DRAFT_ICON.png\",\"contentUrl\":\"https:\/\/brugel-test-cms-draft.comaseinfo-support.be\/wp-content\/uploads\/2023\/02\/DRAFT_ICON.png\",\"width\":406,\"height\":156,\"caption\":\"BruSim\"},\"image\":{\"@id\":\"https:\/\/brugel-test-cms-draft.comaseinfo-support.be\/en\/#\/schema\/logo\/image\/\"}}]}<\/script>\n<!-- \/ Yoast SEO plugin. -->","yoast_head_json":{"title":"Accueil - BruSim","robots":{"index":"noindex","follow":"follow","max-snippet":"max-snippet:-1","max-image-preview":"max-image-preview:large","max-video-preview":"max-video-preview:-1"},"og_locale":"en_US","og_type":"article","og_title":"Accueil - BruSim","og_description":"Comparateur des offres de fournisseurs EN Comparez l&#8217;ensemble des offres propos\u00e9es par les fournisseurs d&#8217;\u00e9lectricit\u00e9 et de gaz en R\u00e9gion Wallonne.","og_url":"https:\/\/brugel-test-cms-draft.comaseinfo-support.be\/en\/","og_site_name":"BruSim","article_modified_time":"2023-06-20T12:43:56+00:00","twitter_card":"summary_large_image","twitter_misc":{"Est. reading time":"1 minute"},"schema":{"@context":"https:\/\/schema.org","@graph":[{"@type":"WebPage","@id":"https:\/\/brugel-test-cms-draft.comaseinfo-support.be\/en\/","url":"https:\/\/brugel-test-cms-draft.comaseinfo-support.be\/en\/","name":"Accueil - BruSim","isPartOf":{"@id":"https:\/\/brugel-test-cms-draft.comaseinfo-support.be\/en\/#website"},"datePublished":"2023-03-10T13:17:56+00:00","dateModified":"2023-06-20T12:43:56+00:00","breadcrumb":{"@id":"https:\/\/brugel-test-cms-draft.comaseinfo-support.be\/en\/#breadcrumb"},"inLanguage":"en-US","potentialAction":[{"@type":"ReadAction","target":["https:\/\/brugel-test-cms-draft.comaseinfo-support.be\/en\/"]}]},{"@type":"BreadcrumbList","@id":"https:\/\/brugel-test-cms-draft.comaseinfo-support.be\/en\/#breadcrumb","itemListElement":[{"@type":"ListItem","position":1,"name":"Accueil","item":"https:\/\/brugel-test-cms-draft.comaseinfo-support.be\/en\/"},{"@type":"ListItem","position":2,"name":"Accueil"}]},{"@type":"WebSite","@id":"https:\/\/brugel-test-cms-draft.comaseinfo-support.be\/en\/#website","url":"https:\/\/brugel-test-cms-draft.comaseinfo-support.be\/en\/","name":"BruSim","description":"Ce simulateur vous permet de comparer l&#039;ensemble des offres propos\u00e9es par les fournisseurs d&#039;\u00e9lectricit\u00e9 et de gaz en R\u00e9gion de Bruxelles-Capitale.","publisher":{"@id":"https:\/\/brugel-test-cms-draft.comaseinfo-support.be\/en\/#organization"},"potentialAction":[{"@type":"SearchAction","target":{"@type":"EntryPoint","urlTemplate":"https:\/\/brugel-test-cms-draft.comaseinfo-support.be\/en\/?s={search_term_string}"},"query-input":"required name=search_term_string"}],"inLanguage":"en-US"},{"@type":"Organization","@id":"https:\/\/brugel-test-cms-draft.comaseinfo-support.be\/en\/#organization","name":"BruSim","url":"https:\/\/brugel-test-cms-draft.comaseinfo-support.be\/en\/","logo":{"@type":"ImageObject","inLanguage":"en-US","@id":"https:\/\/brugel-test-cms-draft.comaseinfo-support.be\/en\/#\/schema\/logo\/image\/","url":"https:\/\/brugel-test-cms-draft.comaseinfo-support.be\/wp-content\/uploads\/2023\/02\/DRAFT_ICON.png","contentUrl":"https:\/\/brugel-test-cms-draft.comaseinfo-support.be\/wp-content\/uploads\/2023\/02\/DRAFT_ICON.png","width":406,"height":156,"caption":"BruSim"},"image":{"@id":"https:\/\/brugel-test-cms-draft.comaseinfo-support.be\/en\/#\/schema\/logo\/image\/"}}]}},"_links":{"self":[{"href":"https:\/\/brugel-test-cms-draft.comaseinfo-support.be\/en\/wp-json\/wp\/v2\/pages\/577","targetHints":{"allow":["GET"]}}],"collection":[{"href":"https:\/\/brugel-test-cms-draft.comaseinfo-support.be\/en\/wp-json\/wp\/v2\/pages"}],"about":[{"href":"https:\/\/brugel-test-cms-draft.comaseinfo-support.be\/en\/wp-json\/wp\/v2\/types\/page"}],"author":[{"embeddable":true,"href":"https:\/\/brugel-test-cms-draft.comaseinfo-support.be\/en\/wp-json\/wp\/v2\/users\/1"}],"replies":[{"embeddable":true,"href":"https:\/\/brugel-test-cms-draft.comaseinfo-support.be\/en\/wp-json\/wp\/v2\/comments?post=577"}],"version-history":[{"count":12,"href":"https:\/\/brugel-test-cms-draft.comaseinfo-support.be\/en\/wp-json\/wp\/v2\/pages\/577\/revisions"}],"predecessor-version":[{"id":1206,"href":"https:\/\/brugel-test-cms-draft.comaseinfo-support.be\/en\/wp-json\/wp\/v2\/pages\/577\/revisions\/1206"}],"wp:attachment":[{"href":"https:\/\/brugel-test-cms-draft.comaseinfo-support.be\/en\/wp-json\/wp\/v2\/media?parent=577"}],"curies":[{"name":"wp","href":"https:\/\/api.w.org\/{rel}","templated":true}]}}